{"id":32,"date":"2025-06-22T20:37:29","date_gmt":"2025-06-22T23:37:29","guid":{"rendered":"http:\/\/honosalimentos.com.br\/?page_id=32"},"modified":"2025-06-23T23:12:03","modified_gmt":"2025-06-24T02:12:03","slug":"sobre-a-honos","status":"publish","type":"page","link":"https:\/\/honosalimentos.com.br\/index.php\/sobre-a-honos\/","title":{"rendered":"Sobre a Honos"},"content":{"rendered":"\t\t<div data-elementor-type=\"wp-page\" data-elementor-id=\"32\" class=\"elementor elementor-32\">\n\t\t\t\t<div class=\"elementor-element elementor-element-4707c41 e-flex e-con-boxed e-con e-parent\" data-id=\"4707c41\" data-element_type=\"container\" data-settings=\"{&quot;background_background&quot;:&quot;classic&quot;}\">\n\t\t\t\t\t<div class=\"e-con-inner\">\n\t\t\t\t<div class=\"elementor-element elementor-element-86a43fd elementor-widget elementor-widget-spacer\" data-id=\"86a43fd\" data-element_type=\"widget\" data-widget_type=\"spacer.default\">\n\t\t\t\t<div class=\"elementor-widget-container\">\n\t\t\t\t\t\t\t<div class=\"elementor-spacer\">\n\t\t\t<div class=\"elementor-spacer-inner\"><\/div>\n\t\t<\/div>\n\t\t\t\t\t\t<\/div>\n\t\t\t\t<\/div>\n\t\t\t\t<div class=\"elementor-element elementor-element-3a668c1 eael-dual-header-content-align-center elementor-widget elementor-widget-eael-dual-color-header\" data-id=\"3a668c1\" data-element_type=\"widget\" data-widget_type=\"eael-dual-color-header.default\">\n\t\t\t\t<div class=\"elementor-widget-container\">\n\t\t\t\t\t\t\t\t<div class=\"eael-dual-header\">\n\t\t\t\t<h2 class=\"title eael-dch-title\"><span class=\"eael-dch-title-text eael-dch-title-lead lead solid-color\">Muito al\u00e9m do cacau:<\/span> <span class=\"eael-dch-title-text\">a ess\u00eancia da Honos<\/span><\/h2>\t\t\t\t\t<span class=\"eael-dch-svg-icon\"><\/span>\t\t\t\t\t\t\t<\/div>\n\n\t\t\t\t\t\t<\/div>\n\t\t\t\t<\/div>\n\t\t\t\t<div class=\"elementor-element elementor-element-9b327a2 elementor-widget elementor-widget-spacer\" data-id=\"9b327a2\" data-element_type=\"widget\" data-widget_type=\"spacer.default\">\n\t\t\t\t<div class=\"elementor-widget-container\">\n\t\t\t\t\t\t\t<div class=\"elementor-spacer\">\n\t\t\t<div class=\"elementor-spacer-inner\"><\/div>\n\t\t<\/div>\n\t\t\t\t\t\t<\/div>\n\t\t\t\t<\/div>\n\t\t\t\t\t<\/div>\n\t\t\t\t<\/div>\n\t\t<div class=\"elementor-element elementor-element-15c208f e-flex e-con-boxed e-con e-parent\" data-id=\"15c208f\" data-element_type=\"container\">\n\t\t\t\t\t<div class=\"e-con-inner\">\n\t\t\t\t<div class=\"elementor-element elementor-element-f6ffc66 elementor-widget elementor-widget-spacer\" data-id=\"f6ffc66\" data-element_type=\"widget\" data-widget_type=\"spacer.default\">\n\t\t\t\t<div class=\"elementor-widget-container\">\n\t\t\t\t\t\t\t<div class=\"elementor-spacer\">\n\t\t\t<div class=\"elementor-spacer-inner\"><\/div>\n\t\t<\/div>\n\t\t\t\t\t\t<\/div>\n\t\t\t\t<\/div>\n\t\t\t\t<div class=\"elementor-element elementor-element-fcb2b14 elementor-widget elementor-widget-heading\" data-id=\"fcb2b14\" data-element_type=\"widget\" data-widget_type=\"heading.default\">\n\t\t\t\t<div class=\"elementor-widget-container\">\n\t\t\t\t\t<h2 class=\"elementor-heading-title elementor-size-default\">O cacau \u00e9 s\u00f3 o come\u00e7o<\/h2>\t\t\t\t<\/div>\n\t\t\t\t<\/div>\n\t\t\t\t<div class=\"elementor-element elementor-element-18ffd0b elementor-widget elementor-widget-text-editor\" data-id=\"18ffd0b\" data-element_type=\"widget\" data-widget_type=\"text-editor.default\">\n\t\t\t\t<div class=\"elementor-widget-container\">\n\t\t\t\t\t\t\t\t\t<p data-start=\"430\" data-end=\"592\">A Honos nasceu do desejo de fazer diferente. De resgatar o essencial. De tratar o alimento com o respeito que ele merece \u2014 <strong>sem exagero, sem disfarce, sem atalhos.<\/strong><\/p><p data-start=\"594\" data-end=\"786\">Acreditamos no sabor que vem da natureza e na pot\u00eancia que existe quando se faz o simples com excel\u00eancia.<br data-start=\"699\" data-end=\"702\" \/><strong>Aqui, cada lote \u00e9 tratado como \u00fanico, cada gr\u00e3o \u00e9 valorizado e cada detalhe importa.<\/strong><\/p><p data-start=\"788\" data-end=\"1026\">N\u00e3o seguimos f\u00f3rmulas prontas. Preferimos o caminho do cuidado, da escuta, da curiosidade. Buscamos conhecimento, evolu\u00edmos nos processos e entregamos produtos honestos, de verdade \u2014 daqueles que voc\u00ea sente a diferen\u00e7a j\u00e1 no primeiro uso.<\/p>\t\t\t\t\t\t\t\t<\/div>\n\t\t\t\t<\/div>\n\t\t\t\t<div class=\"elementor-element elementor-element-2910d55 elementor-widget elementor-widget-spacer\" data-id=\"2910d55\" data-element_type=\"widget\" data-widget_type=\"spacer.default\">\n\t\t\t\t<div class=\"elementor-widget-container\">\n\t\t\t\t\t\t\t<div class=\"elementor-spacer\">\n\t\t\t<div class=\"elementor-spacer-inner\"><\/div>\n\t\t<\/div>\n\t\t\t\t\t\t<\/div>\n\t\t\t\t<\/div>\n\t\t\t\t\t<\/div>\n\t\t\t\t<\/div>\n\t\t<div class=\"elementor-element elementor-element-b44794c e-flex e-con-boxed elementor-invisible e-con e-parent\" data-id=\"b44794c\" data-element_type=\"container\" data-settings=\"{&quot;background_background&quot;:&quot;classic&quot;,&quot;animation&quot;:&quot;fadeIn&quot;}\">\n\t\t\t\t\t<div class=\"e-con-inner\">\n\t\t<div class=\"elementor-element elementor-element-8e6d14e e-con-full e-flex e-con e-child\" data-id=\"8e6d14e\" data-element_type=\"container\">\n\t\t\t\t<div class=\"elementor-element elementor-element-3dbb49e elementor-widget elementor-widget-image\" data-id=\"3dbb49e\" data-element_type=\"widget\" data-widget_type=\"image.default\">\n\t\t\t\t<div class=\"elementor-widget-container\">\n\t\t\t\t\t\t\t\t\t\t\t\t\t\t\t<img fetchpriority=\"high\" decoding=\"async\" width=\"800\" height=\"800\" src=\"https:\/\/honosalimentos.com.br\/wp-content\/uploads\/2025\/06\/3-1024x1024.jpg\" class=\"attachment-large size-large wp-image-134\" alt=\"\" srcset=\"https:\/\/honosalimentos.com.br\/wp-content\/uploads\/2025\/06\/3-1024x1024.jpg 1024w, https:\/\/honosalimentos.com.br\/wp-content\/uploads\/2025\/06\/3-300x300.jpg 300w, https:\/\/honosalimentos.com.br\/wp-content\/uploads\/2025\/06\/3-150x150.jpg 150w, https:\/\/honosalimentos.com.br\/wp-content\/uploads\/2025\/06\/3-768x768.jpg 768w, https:\/\/honosalimentos.com.br\/wp-content\/uploads\/2025\/06\/3.jpg 1080w\" sizes=\"(max-width: 800px) 100vw, 800px\" \/>\t\t\t\t\t\t\t\t\t\t\t\t\t\t\t<\/div>\n\t\t\t\t<\/div>\n\t\t\t\t<\/div>\n\t\t<div class=\"elementor-element elementor-element-37d1f6b e-con-full e-flex e-con e-child\" data-id=\"37d1f6b\" data-element_type=\"container\" data-settings=\"{&quot;background_background&quot;:&quot;classic&quot;}\">\n\t\t\t\t<div class=\"elementor-element elementor-element-0ade3a6 eael-dual-header-content-align-left elementor-widget elementor-widget-eael-dual-color-header\" data-id=\"0ade3a6\" data-element_type=\"widget\" data-widget_type=\"eael-dual-color-header.default\">\n\t\t\t\t<div class=\"elementor-widget-container\">\n\t\t\t\t\t\t\t\t<div class=\"eael-dual-header\">\n\t\t\t\t<h2 class=\"title eael-dch-title\"><span class=\"eael-dch-title-text eael-dch-title-lead lead solid-color\">O que nos<\/span> <span class=\"eael-dch-title-text\">move<\/span><\/h2>\t\t\t\t\t<span class=\"subtext\"><p data-start=\"1056\" data-end=\"1137\">Nosso cacau n\u00e3o \u00e9 um ingrediente qualquer.<br data-start=\"1098\" data-end=\"1101\" \/><strong>Ele \u00e9 base, pot\u00eancia, transforma\u00e7\u00e3o.<\/strong><\/p><p data-start=\"1139\" data-end=\"1386\">\u00c9 com ele que a gente cria experi\u00eancias marcantes: na textura de uma receita, no aroma que perfuma a cozinha, na energia de quem busca bem-estar e funcionalidade. Tudo isso com <strong>qualidade rigorosa, respeito ao ingrediente e uma entrega impec\u00e1vel.<\/strong><\/p><p data-start=\"1388\" data-end=\"1527\">Porque quem escolhe Honos n\u00e3o busca s\u00f3 um bom produto.<br data-start=\"1442\" data-end=\"1445\" \/>Busca consist\u00eancia. Busca confian\u00e7a.<br data-start=\"1481\" data-end=\"1484\" \/><strong>Busca a ess\u00eancia<\/strong> <strong>\u2014 e \u00e9 isso que entregamos.<\/strong><\/p><\/span>\n\t\t\t\t\t\t\t\t\t<span class=\"eael-dch-svg-icon\"><\/span>\t\t\t\t\t\t\t<\/div>\n\n\t\t\t\t\t\t<\/div>\n\t\t\t\t<\/div>\n\t\t\t\t<\/div>\n\t\t\t\t\t<\/div>\n\t\t\t\t<\/div>\n\t\t<div class=\"elementor-element elementor-element-1c11ecc e-flex e-con-boxed elementor-invisible e-con e-parent\" data-id=\"1c11ecc\" data-element_type=\"container\" data-settings=\"{&quot;background_background&quot;:&quot;classic&quot;,&quot;animation&quot;:&quot;fadeIn&quot;}\">\n\t\t\t\t\t<div class=\"e-con-inner\">\n\t\t<div class=\"elementor-element elementor-element-716ec82 e-con-full e-flex e-con e-child\" data-id=\"716ec82\" data-element_type=\"container\">\n\t\t\t\t<div class=\"elementor-element elementor-element-8bd62c2 eael-dual-header-content-align-left elementor-widget elementor-widget-eael-dual-color-header\" data-id=\"8bd62c2\" data-element_type=\"widget\" data-widget_type=\"eael-dual-color-header.default\">\n\t\t\t\t<div class=\"elementor-widget-container\">\n\t\t\t\t\t\t\t\t<div class=\"eael-dual-header\">\n\t\t\t\t<h2 class=\"title eael-dch-title\"><span class=\"eael-dch-title-text eael-dch-title-lead lead solid-color\">De quem faz<\/span> <span class=\"eael-dch-title-text\">para quem valoriza<\/span><\/h2>\t\t\t\t\t<span class=\"subtext\"><p data-start=\"1573\" data-end=\"1966\">Na Honos, a produ\u00e7\u00e3o \u00e9 feita com aten\u00e7\u00e3o em cada detalhe:<br data-start=\"1630\" data-end=\"1633\" \/>\u2022 Escolhemos <strong>boas am\u00eandoas<\/strong>, com colora\u00e7\u00e3o e sabor marcantes<br data-start=\"1692\" data-end=\"1695\" \/>\u2022 Mantemos <strong>processos naturais<\/strong>, com o m\u00ednimo de interven\u00e7\u00e3o<br data-start=\"1753\" data-end=\"1756\" \/>\u2022 <strong>Evitamos aditivos e excessos<\/strong>: o que \u00e9 puro, n\u00e3o precisa ser disfar\u00e7ado<br data-start=\"1828\" data-end=\"1831\" \/>\u2022 Cuidamos do <strong>armazenamento, da embalagem, da entrega. <\/strong>Tudo pensado para que voc\u00ea receba um alimento funcional, vers\u00e1til e verdadeiro.<\/p><p data-start=\"1968\" data-end=\"2107\">Somos uma marca feita por pessoas que acreditam em pessoas, e\u00a0\u00e9 por isso que <strong>cada pacote que sai daqui carrega prop\u00f3sito, n\u00e3o s\u00f3 produto<\/strong>.<\/p><\/span>\n\t\t\t\t\t\t\t\t\t<span class=\"eael-dch-svg-icon\"><\/span>\t\t\t\t\t\t\t<\/div>\n\n\t\t\t\t\t\t<\/div>\n\t\t\t\t<\/div>\n\t\t\t\t<\/div>\n\t\t<div class=\"elementor-element elementor-element-ad02dcc e-con-full e-flex e-con e-child\" data-id=\"ad02dcc\" data-element_type=\"container\" data-settings=\"{&quot;background_background&quot;:&quot;classic&quot;}\">\n\t\t\t\t<div class=\"elementor-element elementor-element-b672c32 elementor-widget elementor-widget-image\" data-id=\"b672c32\" data-element_type=\"widget\" data-widget_type=\"image.default\">\n\t\t\t\t<div class=\"elementor-widget-container\">\n\t\t\t\t\t\t\t\t\t\t\t\t\t\t\t<img decoding=\"async\" width=\"800\" height=\"800\" src=\"https:\/\/honosalimentos.com.br\/wp-content\/uploads\/2025\/06\/2-1024x1024.jpg\" class=\"attachment-large size-large wp-image-133\" alt=\"\" srcset=\"https:\/\/honosalimentos.com.br\/wp-content\/uploads\/2025\/06\/2-1024x1024.jpg 1024w, https:\/\/honosalimentos.com.br\/wp-content\/uploads\/2025\/06\/2-300x300.jpg 300w, https:\/\/honosalimentos.com.br\/wp-content\/uploads\/2025\/06\/2-150x150.jpg 150w, https:\/\/honosalimentos.com.br\/wp-content\/uploads\/2025\/06\/2-768x768.jpg 768w, https:\/\/honosalimentos.com.br\/wp-content\/uploads\/2025\/06\/2.jpg 1080w\" sizes=\"(max-width: 800px) 100vw, 800px\" \/>\t\t\t\t\t\t\t\t\t\t\t\t\t\t\t<\/div>\n\t\t\t\t<\/div>\n\t\t\t\t<\/div>\n\t\t\t\t\t<\/div>\n\t\t\t\t<\/div>\n\t\t<div class=\"elementor-element elementor-element-5019bfb e-flex e-con-boxed elementor-invisible e-con e-parent\" data-id=\"5019bfb\" data-element_type=\"container\" data-settings=\"{&quot;background_background&quot;:&quot;classic&quot;,&quot;animation&quot;:&quot;fadeIn&quot;}\">\n\t\t\t\t\t<div class=\"e-con-inner\">\n\t\t\t\t<div class=\"elementor-element elementor-element-8295900 elementor-widget elementor-widget-spacer\" data-id=\"8295900\" data-element_type=\"widget\" data-widget_type=\"spacer.default\">\n\t\t\t\t<div class=\"elementor-widget-container\">\n\t\t\t\t\t\t\t<div class=\"elementor-spacer\">\n\t\t\t<div class=\"elementor-spacer-inner\"><\/div>\n\t\t<\/div>\n\t\t\t\t\t\t<\/div>\n\t\t\t\t<\/div>\n\t\t\t\t<div class=\"elementor-element elementor-element-08e2123 eael-dual-header-content-align-center elementor-widget elementor-widget-eael-dual-color-header\" data-id=\"08e2123\" data-element_type=\"widget\" data-widget_type=\"eael-dual-color-header.default\">\n\t\t\t\t<div class=\"elementor-widget-container\">\n\t\t\t\t\t\t\t\t<div class=\"eael-dual-header\">\n\t\t\t\t<h2 class=\"title eael-dch-title\"><span class=\"eael-dch-title-text eael-dch-title-lead lead solid-color\">Solicite seu<\/span> <span class=\"eael-dch-title-text\">Or\u00e7amento<\/span><\/h2>\t\t\t\t\t<span class=\"eael-dch-svg-icon\"><\/span>\t\t\t\t\t\t\t<\/div>\n\n\t\t\t\t\t\t<\/div>\n\t\t\t\t<\/div>\n\t\t\t\t<div class=\"elementor-element elementor-element-adf269d eael-contact-form-7-button-align-center eael-contact-form-7-button-custom elementor-widget elementor-widget-eael-contact-form-7\" data-id=\"adf269d\" data-element_type=\"widget\" data-widget_type=\"eael-contact-form-7.default\">\n\t\t\t\t<div class=\"elementor-widget-container\">\n\t\t\t\t\t<div class=\"eael-contact-form-7-wrapper\">\n                <div class=\"eael-contact-form eael-contact-form-7 eael-contact-form-adf269d eael-contact-form-align-center\">\n<div class=\"wpcf7 no-js\" id=\"wpcf7-f90-o1\" lang=\"pt-BR\" dir=\"ltr\" data-wpcf7-id=\"90\">\n<div class=\"screen-reader-response\"><p role=\"status\" aria-live=\"polite\" aria-atomic=\"true\"><\/p> <ul><\/ul><\/div>\n<form action=\"\/index.php\/wp-json\/wp\/v2\/pages\/32#wpcf7-f90-o1\" method=\"post\" class=\"wpcf7-form init\" aria-label=\"Formul\u00e1rios de contato\" novalidate=\"novalidate\" data-status=\"init\">\n<fieldset class=\"hidden-fields-container\"><input type=\"hidden\" name=\"_wpcf7\" value=\"90\" \/><input type=\"hidden\" name=\"_wpcf7_version\" value=\"6.1\" \/><input type=\"hidden\" name=\"_wpcf7_locale\" value=\"pt_BR\" \/><input type=\"hidden\" name=\"_wpcf7_unit_tag\" value=\"wpcf7-f90-o1\" \/><input type=\"hidden\" name=\"_wpcf7_container_post\" value=\"0\" \/><input type=\"hidden\" name=\"_wpcf7_posted_data_hash\" value=\"\" \/>\n<\/fieldset>\n<p><label> Nome<br \/>\n<span class=\"wpcf7-form-control-wrap\" data-name=\"your-name\"><input size=\"40\" maxlength=\"400\" class=\"wpcf7-form-control wpcf7-text wpcf7-validates-as-required\" autocomplete=\"name\" aria-required=\"true\" aria-invalid=\"false\" value=\"\" type=\"text\" name=\"your-name\" \/><\/span> <\/label>\n<\/p>\n<p><label> E-mail<br \/>\n<span class=\"wpcf7-form-control-wrap\" data-name=\"your-email\"><input size=\"40\" maxlength=\"400\" class=\"wpcf7-form-control wpcf7-email wpcf7-validates-as-required wpcf7-text wpcf7-validates-as-email\" autocomplete=\"email\" aria-required=\"true\" aria-invalid=\"false\" value=\"\" type=\"email\" name=\"your-email\" \/><\/span> <\/label>\n<\/p>\n<p><label> Telefone<br \/>\n<span class=\"wpcf7-form-control-wrap\" data-name=\"Telefone\"><input size=\"40\" maxlength=\"400\" class=\"wpcf7-form-control wpcf7-tel wpcf7-text wpcf7-validates-as-tel\" aria-invalid=\"false\" value=\"\" type=\"tel\" name=\"Telefone\" \/><\/span> <\/label>\n<\/p>\n<p><label> Empresa<br \/>\n<span class=\"wpcf7-form-control-wrap\" data-name=\"Empresa\"><input size=\"40\" maxlength=\"400\" class=\"wpcf7-form-control wpcf7-text\" aria-invalid=\"false\" value=\"\" type=\"text\" name=\"Empresa\" \/><\/span> <\/label>\n<\/p>\n<p><label> Objetivo<br \/>\n<span class=\"wpcf7-form-control-wrap\" data-name=\"Objetivo\"><select class=\"wpcf7-form-control wpcf7-select\" aria-invalid=\"false\" name=\"Objetivo\"><option value=\"Comprar\">Comprar<\/option><option value=\"Exportar\">Exportar<\/option><option value=\"Representar a Honos\">Representar a Honos<\/option><option value=\"Fornecer insumos para a Honos\">Fornecer insumos para a Honos<\/option><option value=\"Trabalhar na Honos\">Trabalhar na Honos<\/option><\/select><\/span> <\/label>\n<\/p>\n<p><label> Interesse<br \/>\n<span class=\"wpcf7-form-control-wrap\" data-name=\"Interesse\"><select class=\"wpcf7-form-control wpcf7-select wpcf7-validates-as-required\" aria-required=\"true\" aria-invalid=\"false\" name=\"Interesse\"><option value=\"Cacau Red\">Cacau Red<\/option><option value=\"Cacau Black\">Cacau Black<\/option><option value=\"Cacau Natural\">Cacau Natural<\/option><option value=\"Manteiga de Cacau\">Manteiga de Cacau<\/option><\/select><\/span> <\/label>\n<\/p>\n<p><input class=\"wpcf7-form-control wpcf7-submit has-spinner\" type=\"submit\" value=\"Enviar\" \/>\n<\/p><p style=\"display: none !important;\" class=\"akismet-fields-container\" data-prefix=\"_wpcf7_ak_\"><label>&#916;<textarea name=\"_wpcf7_ak_hp_textarea\" cols=\"45\" rows=\"8\" maxlength=\"100\"><\/textarea><\/label><input type=\"hidden\" id=\"ak_js_1\" name=\"_wpcf7_ak_js\" value=\"63\"\/><script>document.getElementById( \"ak_js_1\" ).setAttribute( \"value\", ( new Date() ).getTime() );<\/script><\/p><div class=\"wpcf7-response-output\" aria-hidden=\"true\"><\/div>\n<\/form>\n<\/div>\n<\/div>\n            <\/div>\t\t\t\t<\/div>\n\t\t\t\t<\/div>\n\t\t\t\t<div class=\"elementor-element elementor-element-519c554 elementor-widget elementor-widget-spacer\" data-id=\"519c554\" data-element_type=\"widget\" data-widget_type=\"spacer.default\">\n\t\t\t\t<div class=\"elementor-widget-container\">\n\t\t\t\t\t\t\t<div class=\"elementor-spacer\">\n\t\t\t<div class=\"elementor-spacer-inner\"><\/div>\n\t\t<\/div>\n\t\t\t\t\t\t<\/div>\n\t\t\t\t<\/div>\n\t\t\t\t\t<\/div>\n\t\t\t\t<\/div>\n\t\t\t\t<\/div>\n\t\t","protected":false},"excerpt":{"rendered":"<p>Muito al\u00e9m do cacau: a ess\u00eancia da Honos O cacau \u00e9 s\u00f3 o come\u00e7o A Honos nasceu do desejo de fazer diferente. De resgatar o essencial. De tratar o alimento com o respeito que ele merece \u2014 sem exagero, sem disfarce, sem atalhos. Acreditamos no sabor que vem da natureza e na pot\u00eancia que existe [&hellip;]<\/p>\n","protected":false},"author":1,"featured_media":0,"parent":0,"menu_order":0,"comment_status":"closed","ping_status":"closed","template":"","meta":{"footnotes":""},"class_list":["post-32","page","type-page","status-publish","hentry"],"yoast_head":"<!-- This site is optimized with the Yoast SEO plugin v25.5 - https:\/\/yoast.com\/wordpress\/plugins\/seo\/ -->\n<title>Sobre a Honos - Honos Alimentos<\/title>\n<meta name=\"robots\" content=\"index, follow, max-snippet:-1, max-image-preview:large, max-video-preview:-1\" \/>\n<link rel=\"canonical\" href=\"https:\/\/honosalimentos.com.br\/index.php\/sobre-a-honos\/\" \/>\n<meta property=\"og:locale\" content=\"en_US\" \/>\n<meta property=\"og:type\" content=\"article\" \/>\n<meta property=\"og:title\" content=\"Sobre a Honos - Honos Alimentos\" \/>\n<meta property=\"og:description\" content=\"Muito al\u00e9m do cacau: a ess\u00eancia da Honos O cacau \u00e9 s\u00f3 o come\u00e7o A Honos nasceu do desejo de fazer diferente. De resgatar o essencial. De tratar o alimento com o respeito que ele merece \u2014 sem exagero, sem disfarce, sem atalhos. Acreditamos no sabor que vem da natureza e na pot\u00eancia que existe [&hellip;]\" \/>\n<meta property=\"og:url\" content=\"https:\/\/honosalimentos.com.br\/index.php\/sobre-a-honos\/\" \/>\n<meta property=\"og:site_name\" content=\"Honos Alimentos\" \/>\n<meta property=\"article:modified_time\" content=\"2025-06-24T02:12:03+00:00\" \/>\n<meta property=\"og:image\" content=\"http:\/\/honosalimentos.com.br\/wp-content\/uploads\/2025\/06\/3-1024x1024.jpg\" \/>\n<meta name=\"twitter:card\" content=\"summary_large_image\" \/>\n<meta name=\"twitter:label1\" content=\"Est. reading time\" \/>\n\t<meta name=\"twitter:data1\" content=\"2 minutes\" \/>\n<script type=\"application\/ld+json\" class=\"yoast-schema-graph\">{\"@context\":\"https:\/\/schema.org\",\"@graph\":[{\"@type\":\"WebPage\",\"@id\":\"https:\/\/honosalimentos.com.br\/index.php\/sobre-a-honos\/\",\"url\":\"https:\/\/honosalimentos.com.br\/index.php\/sobre-a-honos\/\",\"name\":\"Sobre a Honos - Honos Alimentos\",\"isPartOf\":{\"@id\":\"https:\/\/honosalimentos.com.br\/#website\"},\"primaryImageOfPage\":{\"@id\":\"https:\/\/honosalimentos.com.br\/index.php\/sobre-a-honos\/#primaryimage\"},\"image\":{\"@id\":\"https:\/\/honosalimentos.com.br\/index.php\/sobre-a-honos\/#primaryimage\"},\"thumbnailUrl\":\"http:\/\/honosalimentos.com.br\/wp-content\/uploads\/2025\/06\/3-1024x1024.jpg\",\"datePublished\":\"2025-06-22T23:37:29+00:00\",\"dateModified\":\"2025-06-24T02:12:03+00:00\",\"breadcrumb\":{\"@id\":\"https:\/\/honosalimentos.com.br\/index.php\/sobre-a-honos\/#breadcrumb\"},\"inLanguage\":\"en-US\",\"potentialAction\":[{\"@type\":\"ReadAction\",\"target\":[\"https:\/\/honosalimentos.com.br\/index.php\/sobre-a-honos\/\"]}]},{\"@type\":\"ImageObject\",\"inLanguage\":\"en-US\",\"@id\":\"https:\/\/honosalimentos.com.br\/index.php\/sobre-a-honos\/#primaryimage\",\"url\":\"https:\/\/honosalimentos.com.br\/wp-content\/uploads\/2025\/06\/3.jpg\",\"contentUrl\":\"https:\/\/honosalimentos.com.br\/wp-content\/uploads\/2025\/06\/3.jpg\",\"width\":1080,\"height\":1080},{\"@type\":\"BreadcrumbList\",\"@id\":\"https:\/\/honosalimentos.com.br\/index.php\/sobre-a-honos\/#breadcrumb\",\"itemListElement\":[{\"@type\":\"ListItem\",\"position\":1,\"name\":\"In\u00edcio\",\"item\":\"https:\/\/honosalimentos.com.br\/\"},{\"@type\":\"ListItem\",\"position\":2,\"name\":\"Sobre a Honos\"}]},{\"@type\":\"WebSite\",\"@id\":\"https:\/\/honosalimentos.com.br\/#website\",\"url\":\"https:\/\/honosalimentos.com.br\/\",\"name\":\"Honos Alimentos\",\"description\":\"O cacau em sua ess\u00eancia mais pura\",\"potentialAction\":[{\"@type\":\"SearchAction\",\"target\":{\"@type\":\"EntryPoint\",\"urlTemplate\":\"https:\/\/honosalimentos.com.br\/?s={search_term_string}\"},\"query-input\":{\"@type\":\"PropertyValueSpecification\",\"valueRequired\":true,\"valueName\":\"search_term_string\"}}],\"inLanguage\":\"en-US\"}]}<\/script>\n<!-- \/ Yoast SEO plugin. -->","yoast_head_json":{"title":"Sobre a Honos - Honos Alimentos","robots":{"index":"index","follow":"follow","max-snippet":"max-snippet:-1","max-image-preview":"max-image-preview:large","max-video-preview":"max-video-preview:-1"},"canonical":"https:\/\/honosalimentos.com.br\/index.php\/sobre-a-honos\/","og_locale":"en_US","og_type":"article","og_title":"Sobre a Honos - Honos Alimentos","og_description":"Muito al\u00e9m do cacau: a ess\u00eancia da Honos O cacau \u00e9 s\u00f3 o come\u00e7o A Honos nasceu do desejo de fazer diferente. De resgatar o essencial. De tratar o alimento com o respeito que ele merece \u2014 sem exagero, sem disfarce, sem atalhos. Acreditamos no sabor que vem da natureza e na pot\u00eancia que existe [&hellip;]","og_url":"https:\/\/honosalimentos.com.br\/index.php\/sobre-a-honos\/","og_site_name":"Honos Alimentos","article_modified_time":"2025-06-24T02:12:03+00:00","og_image":[{"url":"http:\/\/honosalimentos.com.br\/wp-content\/uploads\/2025\/06\/3-1024x1024.jpg","type":"","width":"","height":""}],"twitter_card":"summary_large_image","twitter_misc":{"Est. reading time":"2 minutes"},"schema":{"@context":"https:\/\/schema.org","@graph":[{"@type":"WebPage","@id":"https:\/\/honosalimentos.com.br\/index.php\/sobre-a-honos\/","url":"https:\/\/honosalimentos.com.br\/index.php\/sobre-a-honos\/","name":"Sobre a Honos - Honos Alimentos","isPartOf":{"@id":"https:\/\/honosalimentos.com.br\/#website"},"primaryImageOfPage":{"@id":"https:\/\/honosalimentos.com.br\/index.php\/sobre-a-honos\/#primaryimage"},"image":{"@id":"https:\/\/honosalimentos.com.br\/index.php\/sobre-a-honos\/#primaryimage"},"thumbnailUrl":"http:\/\/honosalimentos.com.br\/wp-content\/uploads\/2025\/06\/3-1024x1024.jpg","datePublished":"2025-06-22T23:37:29+00:00","dateModified":"2025-06-24T02:12:03+00:00","breadcrumb":{"@id":"https:\/\/honosalimentos.com.br\/index.php\/sobre-a-honos\/#breadcrumb"},"inLanguage":"en-US","potentialAction":[{"@type":"ReadAction","target":["https:\/\/honosalimentos.com.br\/index.php\/sobre-a-honos\/"]}]},{"@type":"ImageObject","inLanguage":"en-US","@id":"https:\/\/honosalimentos.com.br\/index.php\/sobre-a-honos\/#primaryimage","url":"https:\/\/honosalimentos.com.br\/wp-content\/uploads\/2025\/06\/3.jpg","contentUrl":"https:\/\/honosalimentos.com.br\/wp-content\/uploads\/2025\/06\/3.jpg","width":1080,"height":1080},{"@type":"BreadcrumbList","@id":"https:\/\/honosalimentos.com.br\/index.php\/sobre-a-honos\/#breadcrumb","itemListElement":[{"@type":"ListItem","position":1,"name":"In\u00edcio","item":"https:\/\/honosalimentos.com.br\/"},{"@type":"ListItem","position":2,"name":"Sobre a Honos"}]},{"@type":"WebSite","@id":"https:\/\/honosalimentos.com.br\/#website","url":"https:\/\/honosalimentos.com.br\/","name":"Honos Alimentos","description":"O cacau em sua ess\u00eancia mais pura","potentialAction":[{"@type":"SearchAction","target":{"@type":"EntryPoint","urlTemplate":"https:\/\/honosalimentos.com.br\/?s={search_term_string}"},"query-input":{"@type":"PropertyValueSpecification","valueRequired":true,"valueName":"search_term_string"}}],"inLanguage":"en-US"}]}},"_links":{"self":[{"href":"https:\/\/honosalimentos.com.br\/index.php\/wp-json\/wp\/v2\/pages\/32","targetHints":{"allow":["GET"]}}],"collection":[{"href":"https:\/\/honosalimentos.com.br\/index.php\/wp-json\/wp\/v2\/pages"}],"about":[{"href":"https:\/\/honosalimentos.com.br\/index.php\/wp-json\/wp\/v2\/types\/page"}],"author":[{"embeddable":true,"href":"https:\/\/honosalimentos.com.br\/index.php\/wp-json\/wp\/v2\/users\/1"}],"replies":[{"embeddable":true,"href":"https:\/\/honosalimentos.com.br\/index.php\/wp-json\/wp\/v2\/comments?post=32"}],"version-history":[{"count":7,"href":"https:\/\/honosalimentos.com.br\/index.php\/wp-json\/wp\/v2\/pages\/32\/revisions"}],"predecessor-version":[{"id":140,"href":"https:\/\/honosalimentos.com.br\/index.php\/wp-json\/wp\/v2\/pages\/32\/revisions\/140"}],"wp:attachment":[{"href":"https:\/\/honosalimentos.com.br\/index.php\/wp-json\/wp\/v2\/media?parent=32"}],"curies":[{"name":"wp","href":"https:\/\/api.w.org\/{rel}","templated":true}]}}